{"id":7848,"date":"2022-04-29T16:29:04","date_gmt":"2022-04-29T16:29:04","guid":{"rendered":"https:\/\/clatitle.com\/?page_id=7848"},"modified":"2026-03-24T07:33:25","modified_gmt":"2026-03-24T07:33:25","slug":"cla-pay","status":"publish","type":"page","link":"https:\/\/clatitle.com\/es\/cla-pay\/","title":{"rendered":"CLA PAY"},"content":{"rendered":"\t\t<div data-elementor-type=\"wp-page\" data-elementor-id=\"7848\" class=\"elementor elementor-7848\">\n\t\t\t\t\t\t\t\t\t<section class=\"elementor-section elementor-top-section elementor-element elementor-element-5f451ad elementor-section-content-middle elementor-section-full_width elementor-section-height-min-height elementor-section-height-default elementor-section-items-middle\" data-id=\"5f451ad\" data-element_type=\"section\" data-settings=\"{&quot;background_background&quot;:&quot;classic&quot;}\">\n\t\t\t\t\t\t<div class=\"elementor-container elementor-column-gap-default\">\n\t\t\t\t\t<div class=\"elementor-column elementor-col-100 elementor-top-column elementor-element elementor-element-7e187d4\" data-id=\"7e187d4\" data-element_type=\"column\">\n\t\t\t<div class=\"elementor-widget-wrap\">\n\t\t\t\t\t\t\t\t\t<\/div>\n\t\t<\/div>\n\t\t\t\t\t\t\t<\/div>\n\t\t<\/section>\n\t\t\t\t<section class=\"elementor-section elementor-top-section elementor-element elementor-element-46749a0 elementor-section-full_width elementor-section-height-default elementor-section-height-default\" data-id=\"46749a0\" data-element_type=\"section\">\n\t\t\t\t\t\t<div class=\"elementor-container elementor-column-gap-default\">\n\t\t\t\t\t<div class=\"elementor-column elementor-col-100 elementor-top-column elementor-element elementor-element-60ffa7c\" data-id=\"60ffa7c\" data-element_type=\"column\">\n\t\t\t<div class=\"elementor-widget-wrap elementor-element-populated\">\n\t\t\t\t\t\t\t\t<div class=\"elementor-element elementor-element-dd28ad1 uael-heading-align-center elementor-widget elementor-widget-uael-advanced-heading\" data-id=\"dd28ad1\" data-element_type=\"widget\" data-widget_type=\"uael-advanced-heading.default\">\n\t\t\t\t<div class=\"elementor-widget-container\">\n\t\t\t\r\n\t\t<div class=\"uael-module-content uael-heading-wrapper\">\r\n\t\t\t\t\t\t<div class=\"uael-module-content uael-separator-parent\">\r\n\t\t\t\t\t\t\t\t<div class=\"uael-separator-wrap\">\r\n\t\t\t\t\t<div class=\"uael-separator-line uael-side-left\">\r\n\t\t\t\t\t\t<span><\/span>\r\n\t\t\t\t\t<\/div>\r\n\t\t\t\t\t<div class=\"uael-divider-content\">\r\n\t\t\t\t\t\t\t\t\t\t\t\t<h6 class=\"uael-divider-text elementor-inline-editing\" data-elementor-setting-key=\"heading_line_text\" data-elementor-inline-editing-toolbar=\"basic\">CLA PAY<\/h6>\r\n\t\t\t\t\t<\/div>\r\n\t\t\t\t\t<div class=\"uael-separator-line uael-side-right\">\r\n\t\t\t\t\t\t<span><\/span>\r\n\t\t\t\t\t<\/div>\r\n\t\t\t\t<\/div>\r\n\t\t\t\t\t\t\t\t\t\t<\/div>\r\n\t\t\t\t\t\t\r\n\t\t\t<h1 class=\"uael-heading\">\r\n\t\t\t\t\t\t\t\t\t\t<span class=\"uael-heading-text elementor-inline-editing uael-size--default\" data-elementor-setting-key=\"heading_title\" data-elementor-inline-editing-toolbar=\"basic\">CON SU COMPA\u00d1\u00cdA DE T\u00cdTULOS PREFERIDA\n<\/span>\r\n\t\t\t\t\t\t\t<\/h1>\r\n\r\n\t\t\t\r\n\t\t\t\r\n\t\t\t\r\n\t\t\t\t\t\t<\/div>\r\n\t\t\t\t<\/div>\n\t\t\t\t<\/div>\n\t\t\t\t\t<\/div>\n\t\t<\/div>\n\t\t\t\t\t\t\t<\/div>\n\t\t<\/section>\n\t\t\t\t<section class=\"elementor-section elementor-top-section elementor-element elementor-element-b4a87b9 elementor-section-full_width elementor-section-height-default elementor-section-height-default\" data-id=\"b4a87b9\" data-element_type=\"section\">\n\t\t\t\t\t\t<div class=\"elementor-container elementor-column-gap-default\">\n\t\t\t\t\t<div class=\"elementor-column elementor-col-20 elementor-top-column elementor-element elementor-element-52b5708\" data-id=\"52b5708\" data-element_type=\"column\">\n\t\t\t<div class=\"elementor-widget-wrap\">\n\t\t\t\t\t\t\t\t\t<\/div>\n\t\t<\/div>\n\t\t\t\t<div class=\"elementor-column elementor-col-20 elementor-top-column elementor-element elementor-element-e5d9fe0\" data-id=\"e5d9fe0\" data-element_type=\"column\">\n\t\t\t<div class=\"elementor-widget-wrap\">\n\t\t\t\t\t\t\t\t\t<\/div>\n\t\t<\/div>\n\t\t\t\t<div class=\"elementor-column elementor-col-20 elementor-top-column elementor-element elementor-element-ef2f62b\" data-id=\"ef2f62b\" data-element_type=\"column\">\n\t\t\t<div class=\"elementor-widget-wrap elementor-element-populated\">\n\t\t\t\t\t\t\t\t<div class=\"elementor-element elementor-element-f41439f elementor-align-center elementor-widget elementor-widget-button\" data-id=\"f41439f\" data-element_type=\"widget\" data-widget_type=\"button.default\">\n\t\t\t\t<div class=\"elementor-widget-container\">\n\t\t\t\t\t<div class=\"elementor-button-wrapper\">\n\t\t\t<a href=\"https:\/\/clatitle.getbankshot.com\/receivables\/2059148\" class=\"elementor-button-link elementor-button elementor-size-sm\" role=\"button\">\n\t\t\t\t\t\t<span class=\"elementor-button-content-wrapper\">\n\t\t\t\t\t\t<span class=\"elementor-button-text\">SEND EARNEST MONEY (EMD)<\/span>\n\t\t<\/span>\n\t\t\t\t\t<\/a>\n\t\t<\/div>\n\t\t\t\t<\/div>\n\t\t\t\t<\/div>\n\t\t\t\t\t<\/div>\n\t\t<\/div>\n\t\t\t\t<div class=\"elementor-column elementor-col-20 elementor-top-column elementor-element elementor-element-94ea7d1\" data-id=\"94ea7d1\" data-element_type=\"column\">\n\t\t\t<div class=\"elementor-widget-wrap\">\n\t\t\t\t\t\t\t\t\t<\/div>\n\t\t<\/div>\n\t\t\t\t<div class=\"elementor-column elementor-col-20 elementor-top-column elementor-element elementor-element-1dcc1ef\" data-id=\"1dcc1ef\" data-element_type=\"column\">\n\t\t\t<div class=\"elementor-widget-wrap\">\n\t\t\t\t\t\t\t\t\t<\/div>\n\t\t<\/div>\n\t\t\t\t\t\t\t<\/div>\n\t\t<\/section>\n\t\t\t\t\t\t\t<\/div>\n\t\t","protected":false},"excerpt":{"rendered":"<p>CLA PAY CON SU COMPA\u00d1\u00cdA DE T\u00cdTULOS PREFERIDA SEND EARNEST MONEY (EMD)<\/p>\n","protected":false},"author":1,"featured_media":0,"parent":0,"menu_order":0,"comment_status":"closed","ping_status":"closed","template":"","meta":{"_mi_skip_tracking":false,"site-sidebar-layout":"no-sidebar","site-content-layout":"page-builder","ast-global-header-display":"","ast-main-header-display":"","ast-hfb-above-header-display":"","ast-hfb-below-header-display":"","ast-hfb-mobile-header-display":"","site-post-title":"disabled","ast-breadcrumbs-content":"","ast-featured-img":"disabled","footer-sml-layout":"","theme-transparent-header-meta":"default","adv-header-id-meta":"","stick-header-meta":"","header-above-stick-meta":"","header-main-stick-meta":"","header-below-stick-meta":"","footnotes":""},"class_list":["post-7848","page","type-page","status-publish","hentry"],"yoast_head":"<!-- This site is optimized with the Yoast SEO plugin v20.1 - https:\/\/yoast.com\/wordpress\/plugins\/seo\/ -->\n<title>CLA PAY - CLA Title &amp; Escrow<\/title>\n<meta name=\"robots\" content=\"noindex, follow, max-snippet:-1, max-image-preview:large, max-video-preview:-1\" \/>\n<meta property=\"og:locale\" content=\"en_US\" \/>\n<meta property=\"og:type\" content=\"article\" \/>\n<meta property=\"og:title\" content=\"CLA PAY - CLA Title &amp; Escrow\" \/>\n<meta property=\"og:description\" content=\"CLA PAY CON SU COMPA\u00d1\u00cdA DE T\u00cdTULOS PREFERIDA SEND EARNEST MONEY (EMD)\" \/>\n<meta property=\"og:url\" content=\"https:\/\/clatitle.com\/es\/cla-pay\/\" \/>\n<meta property=\"og:site_name\" content=\"CLA Title &amp; Escrow\" \/>\n<meta property=\"article:modified_time\" content=\"2026-03-24T07:33:25+00:00\" \/>\n<meta name=\"twitter:card\" content=\"summary_large_image\" \/>\n<meta name=\"twitter:label1\" content=\"Est. reading time\" \/>\n\t<meta name=\"twitter:data1\" content=\"1 minute\" \/>\n<script type=\"application\/ld+json\" class=\"yoast-schema-graph\">{\"@context\":\"https:\/\/schema.org\",\"@graph\":[{\"@type\":\"WebPage\",\"@id\":\"https:\/\/clatitle.com\/es\/cla-pay\/\",\"url\":\"https:\/\/clatitle.com\/es\/cla-pay\/\",\"name\":\"CLA PAY - CLA Title &amp; Escrow\",\"isPartOf\":{\"@id\":\"https:\/\/clatitle.com\/es\/#website\"},\"datePublished\":\"2022-04-29T16:29:04+00:00\",\"dateModified\":\"2026-03-24T07:33:25+00:00\",\"breadcrumb\":{\"@id\":\"https:\/\/clatitle.com\/es\/cla-pay\/#breadcrumb\"},\"inLanguage\":\"en-US\",\"potentialAction\":[{\"@type\":\"ReadAction\",\"target\":[\"https:\/\/clatitle.com\/es\/cla-pay\/\"]}]},{\"@type\":\"BreadcrumbList\",\"@id\":\"https:\/\/clatitle.com\/es\/cla-pay\/#breadcrumb\",\"itemListElement\":[{\"@type\":\"ListItem\",\"position\":1,\"name\":\"Home\",\"item\":\"https:\/\/clatitle.com\/es\/\"},{\"@type\":\"ListItem\",\"position\":2,\"name\":\"CLA PAY\"}]},{\"@type\":\"WebSite\",\"@id\":\"https:\/\/clatitle.com\/es\/#website\",\"url\":\"https:\/\/clatitle.com\/es\/\",\"name\":\"CLA Title &amp; Escrow\",\"description\":\"Nationwide Title and Escrow Company\",\"publisher\":{\"@id\":\"https:\/\/clatitle.com\/es\/#organization\"},\"potentialAction\":[{\"@type\":\"SearchAction\",\"target\":{\"@type\":\"EntryPoint\",\"urlTemplate\":\"https:\/\/clatitle.com\/es\/?s={search_term_string}\"},\"query-input\":\"required name=search_term_string\"}],\"inLanguage\":\"en-US\"},{\"@type\":\"Organization\",\"@id\":\"https:\/\/clatitle.com\/es\/#organization\",\"name\":\"CLA Title &amp; Escrow\",\"url\":\"https:\/\/clatitle.com\/es\/\",\"logo\":{\"@type\":\"ImageObject\",\"inLanguage\":\"en-US\",\"@id\":\"https:\/\/clatitle.com\/es\/#\/schema\/logo\/image\/\",\"url\":\"https:\/\/i0.wp.com\/clatitle.com\/es\/wp-content\/uploads\/2025\/06\/cropped-clatitlelogo.png?fit=263%2C88&ssl=1\",\"contentUrl\":\"https:\/\/i0.wp.com\/clatitle.com\/es\/wp-content\/uploads\/2025\/06\/cropped-clatitlelogo.png?fit=263%2C88&ssl=1\",\"width\":263,\"height\":88,\"caption\":\"CLA Title &amp; Escrow\"},\"image\":{\"@id\":\"https:\/\/clatitle.com\/es\/#\/schema\/logo\/image\/\"}}]}<\/script>\n<!-- \/ Yoast SEO plugin. -->","yoast_head_json":{"title":"CLA PAY - CLA Title &amp; Escrow","robots":{"index":"noindex","follow":"follow","max-snippet":"max-snippet:-1","max-image-preview":"max-image-preview:large","max-video-preview":"max-video-preview:-1"},"og_locale":"en_US","og_type":"article","og_title":"CLA PAY - CLA Title &amp; Escrow","og_description":"CLA PAY CON SU COMPA\u00d1\u00cdA DE T\u00cdTULOS PREFERIDA SEND EARNEST MONEY (EMD)","og_url":"https:\/\/clatitle.com\/es\/cla-pay\/","og_site_name":"CLA Title &amp; Escrow","article_modified_time":"2026-03-24T07:33:25+00:00","twitter_card":"summary_large_image","twitter_misc":{"Est. reading time":"1 minute"},"schema":{"@context":"https:\/\/schema.org","@graph":[{"@type":"WebPage","@id":"https:\/\/clatitle.com\/es\/cla-pay\/","url":"https:\/\/clatitle.com\/es\/cla-pay\/","name":"CLA PAY - CLA Title &amp; Escrow","isPartOf":{"@id":"https:\/\/clatitle.com\/es\/#website"},"datePublished":"2022-04-29T16:29:04+00:00","dateModified":"2026-03-24T07:33:25+00:00","breadcrumb":{"@id":"https:\/\/clatitle.com\/es\/cla-pay\/#breadcrumb"},"inLanguage":"en-US","potentialAction":[{"@type":"ReadAction","target":["https:\/\/clatitle.com\/es\/cla-pay\/"]}]},{"@type":"BreadcrumbList","@id":"https:\/\/clatitle.com\/es\/cla-pay\/#breadcrumb","itemListElement":[{"@type":"ListItem","position":1,"name":"Home","item":"https:\/\/clatitle.com\/es\/"},{"@type":"ListItem","position":2,"name":"CLA PAY"}]},{"@type":"WebSite","@id":"https:\/\/clatitle.com\/es\/#website","url":"https:\/\/clatitle.com\/es\/","name":"CLA Title &amp; Escrow","description":"Nationwide Title and Escrow Company","publisher":{"@id":"https:\/\/clatitle.com\/es\/#organization"},"potentialAction":[{"@type":"SearchAction","target":{"@type":"EntryPoint","urlTemplate":"https:\/\/clatitle.com\/es\/?s={search_term_string}"},"query-input":"required name=search_term_string"}],"inLanguage":"en-US"},{"@type":"Organization","@id":"https:\/\/clatitle.com\/es\/#organization","name":"CLA Title &amp; Escrow","url":"https:\/\/clatitle.com\/es\/","logo":{"@type":"ImageObject","inLanguage":"en-US","@id":"https:\/\/clatitle.com\/es\/#\/schema\/logo\/image\/","url":"https:\/\/i0.wp.com\/clatitle.com\/es\/wp-content\/uploads\/2025\/06\/cropped-clatitlelogo.png?fit=263%2C88&ssl=1","contentUrl":"https:\/\/i0.wp.com\/clatitle.com\/es\/wp-content\/uploads\/2025\/06\/cropped-clatitlelogo.png?fit=263%2C88&ssl=1","width":263,"height":88,"caption":"CLA Title &amp; Escrow"},"image":{"@id":"https:\/\/clatitle.com\/es\/#\/schema\/logo\/image\/"}}]}},"_links":{"self":[{"href":"https:\/\/clatitle.com\/es\/wp-json\/wp\/v2\/pages\/7848","targetHints":{"allow":["GET"]}}],"collection":[{"href":"https:\/\/clatitle.com\/es\/wp-json\/wp\/v2\/pages"}],"about":[{"href":"https:\/\/clatitle.com\/es\/wp-json\/wp\/v2\/types\/page"}],"author":[{"embeddable":true,"href":"https:\/\/clatitle.com\/es\/wp-json\/wp\/v2\/users\/1"}],"replies":[{"embeddable":true,"href":"https:\/\/clatitle.com\/es\/wp-json\/wp\/v2\/comments?post=7848"}],"version-history":[{"count":61,"href":"https:\/\/clatitle.com\/es\/wp-json\/wp\/v2\/pages\/7848\/revisions"}],"predecessor-version":[{"id":15358,"href":"https:\/\/clatitle.com\/es\/wp-json\/wp\/v2\/pages\/7848\/revisions\/15358"}],"wp:attachment":[{"href":"https:\/\/clatitle.com\/es\/wp-json\/wp\/v2\/media?parent=7848"}],"curies":[{"name":"wp","href":"https:\/\/api.w.org\/{rel}","templated":true}]}}