{"id":13812,"date":"2024-05-23T01:26:08","date_gmt":"2024-05-23T01:26:08","guid":{"rendered":"https:\/\/clatitle.com\/?page_id=13812"},"modified":"2025-07-24T17:28:05","modified_gmt":"2025-07-24T17:28:05","slug":"place-title-order","status":"publish","type":"page","link":"https:\/\/clatitle.com\/es\/place-title-order\/","title":{"rendered":"Place Title Order"},"content":{"rendered":"\t\t<div data-elementor-type=\"wp-page\" data-elementor-id=\"13812\" class=\"elementor elementor-13812\">\n\t\t\t\t\t\t\t\t\t<section class=\"elementor-section elementor-top-section elementor-element elementor-element-b6023b6 elementor-section-full_width elementor-section-height-default elementor-section-height-default\" data-id=\"b6023b6\" data-element_type=\"section\">\n\t\t\t\t\t\t<div class=\"elementor-container elementor-column-gap-default\">\n\t\t\t\t\t<div class=\"elementor-column elementor-col-100 elementor-top-column elementor-element elementor-element-ce9fe84\" data-id=\"ce9fe84\" data-element_type=\"column\">\n\t\t\t<div class=\"elementor-widget-wrap elementor-element-populated\">\n\t\t\t\t\t\t\t\t<div class=\"elementor-element elementor-element-3a2c348 uael-heading-align-center elementor-widget elementor-widget-uael-advanced-heading\" data-id=\"3a2c348\" data-element_type=\"widget\" data-widget_type=\"uael-advanced-heading.default\">\n\t\t\t\t<div class=\"elementor-widget-container\">\n\t\t\t\r\n\t\t<div class=\"uael-module-content uael-heading-wrapper\">\r\n\t\t\t\t\t\t<div class=\"uael-module-content uael-separator-parent\">\r\n\t\t\t\t\t\t\t\t<div class=\"uael-separator-wrap\">\r\n\t\t\t\t\t<div class=\"uael-separator-line uael-side-left\">\r\n\t\t\t\t\t\t<span><\/span>\r\n\t\t\t\t\t<\/div>\r\n\t\t\t\t\t<div class=\"uael-divider-content\">\r\n\t\t\t\t\t\t\t\t\t\t\t\t<h6 class=\"uael-divider-text elementor-inline-editing\" data-elementor-setting-key=\"heading_line_text\" data-elementor-inline-editing-toolbar=\"basic\">CLA TITLE<\/h6>\r\n\t\t\t\t\t<\/div>\r\n\t\t\t\t\t<div class=\"uael-separator-line uael-side-right\">\r\n\t\t\t\t\t\t<span><\/span>\r\n\t\t\t\t\t<\/div>\r\n\t\t\t\t<\/div>\r\n\t\t\t\t\t\t\t\t\t\t<\/div>\r\n\t\t\t\t\t\t\r\n\t\t\t<h1 class=\"uael-heading\">\r\n\t\t\t\t\t\t\t\t\t\t<span class=\"uael-heading-text elementor-inline-editing uael-size--default\" data-elementor-setting-key=\"heading_title\" data-elementor-inline-editing-toolbar=\"basic\">PEDIDO DE T\u00cdTULO DEL LUGAR<\/span>\r\n\t\t\t\t\t\t\t<\/h1>\r\n\r\n\t\t\t\r\n\t\t\t\r\n\t\t\t\r\n\t\t\t\t\t\t<\/div>\r\n\t\t\t\t<\/div>\n\t\t\t\t<\/div>\n\t\t\t\t<div class=\"elementor-element elementor-element-ad9e76b elementor-widget elementor-widget-text-editor\" data-id=\"ad9e76b\" data-element_type=\"widget\" data-widget_type=\"text-editor.default\">\n\t\t\t\t<div class=\"elementor-widget-container\">\n\t\t\t<style>\/*! elementor - v3.11.0 - 13-02-2023 *\/\n.elementor-widget-text-editor.elementor-drop-cap-view-stacked .elementor-drop-cap{background-color:#818a91;color:#fff}.elementor-widget-text-editor.elementor-drop-cap-view-framed .elementor-drop-cap{color:#818a91;border:3px solid;background-color:transparent}.elementor-widget-text-editor:not(.elementor-drop-cap-view-default) .elementor-drop-cap{margin-top:8px}.elementor-widget-text-editor:not(.elementor-drop-cap-view-default) .elementor-drop-cap-letter{width:1em;height:1em}.elementor-widget-text-editor .elementor-drop-cap{float:left;text-align:center;line-height:1;font-size:50px}.elementor-widget-text-editor .elementor-drop-cap-letter{display:inline-block}<\/style>\t\t\t\t<p>Cuando est\u00e9 listo para solicitar una b\u00fasqueda de t\u00edtulo, env\u00ede el contrato completamente ratificado a orders@clatitle.com.<\/p><p>Para su comodidad, podemos cerrar el tr\u00e1mite entre las 8:00 a. m. y las 10:00 p. m. de lunes a viernes en una oficina cercana a la propiedad, podemos desplazarnos hasta usted, podemos cerrar el tr\u00e1mite en la oficina de su agente inmobiliario o, en ciertos casos, podemos cerrar el tr\u00e1mite a trav\u00e9s de su computadora mediante la Notarizaci\u00f3n Remota en L\u00ednea (RON). Coordinaremos esto antes del cierre.<\/p><p>\u00a0<\/p>\t\t\t\t\t\t<\/div>\n\t\t\t\t<\/div>\n\t\t\t\t\t<\/div>\n\t\t<\/div>\n\t\t\t\t\t\t\t<\/div>\n\t\t<\/section>\n\t\t\t\t<section class=\"elementor-section elementor-top-section elementor-element elementor-element-540a916 elementor-section-boxed elementor-section-height-default elementor-section-height-default\" data-id=\"540a916\" data-element_type=\"section\">\n\t\t\t\t\t\t<div class=\"elementor-container elementor-column-gap-default\">\n\t\t\t\t\t<div class=\"elementor-column elementor-col-100 elementor-top-column elementor-element elementor-element-1743981\" data-id=\"1743981\" data-element_type=\"column\">\n\t\t\t<div class=\"elementor-widget-wrap elementor-element-populated\">\n\t\t\t\t\t\t\t\t<div class=\"elementor-element elementor-element-05507c8 uael-heading-align-center elementor-widget elementor-widget-uael-advanced-heading\" data-id=\"05507c8\" data-element_type=\"widget\" data-widget_type=\"uael-advanced-heading.default\">\n\t\t\t\t<div class=\"elementor-widget-container\">\n\t\t\t\r\n\t\t<div class=\"uael-module-content uael-heading-wrapper\">\r\n\t\t\t\t\t\t<div class=\"uael-module-content uael-separator-parent\">\r\n\t\t\t\t\t\t\t\t<div class=\"uael-separator-wrap\">\r\n\t\t\t\t\t<div class=\"uael-separator-line uael-side-left\">\r\n\t\t\t\t\t\t<span><\/span>\r\n\t\t\t\t\t<\/div>\r\n\t\t\t\t\t<div class=\"uael-divider-content\">\r\n\t\t\t\t\t\t\t\t\t\t\t\t<h6 class=\"uael-divider-text elementor-inline-editing\" data-elementor-setting-key=\"heading_line_text\" data-elementor-inline-editing-toolbar=\"basic\">SUBMIT A<\/h6>\r\n\t\t\t\t\t<\/div>\r\n\t\t\t\t\t<div class=\"uael-separator-line uael-side-right\">\r\n\t\t\t\t\t\t<span><\/span>\r\n\t\t\t\t\t<\/div>\r\n\t\t\t\t<\/div>\r\n\t\t\t\t\t\t\t\t\t\t<\/div>\r\n\t\t\t\t\t\t\r\n\t\t\t<h1 class=\"uael-heading\">\r\n\t\t\t\t\t\t\t\t\t\t<span class=\"uael-heading-text elementor-inline-editing uael-size--default\" data-elementor-setting-key=\"heading_title\" data-elementor-inline-editing-toolbar=\"basic\">CONTRACT<\/span>\r\n\t\t\t\t\t\t\t<\/h1>\r\n\r\n\t\t\t\r\n\t\t\t\r\n\t\t\t\r\n\t\t\t\t\t\t<\/div>\r\n\t\t\t\t<\/div>\n\t\t\t\t<\/div>\n\t\t\t\t<div class=\"elementor-element elementor-element-12b0a80 elementor-widget elementor-widget-text-editor\" data-id=\"12b0a80\" data-element_type=\"widget\" data-widget_type=\"text-editor.default\">\n\t\t\t\t<div class=\"elementor-widget-container\">\n\t\t\t\t\t\t\t<p><span style=\"font-weight: 400;\">Please complete the form below<\/span><\/p>\t\t\t\t\t\t<\/div>\n\t\t\t\t<\/div>\n\t\t\t\t<div class=\"elementor-element elementor-element-fe24c5d elementor-widget elementor-widget-shortcode\" data-id=\"fe24c5d\" data-element_type=\"widget\" data-widget_type=\"shortcode.default\">\n\t\t\t\t<div class=\"elementor-widget-container\">\n\t\t\t\t\t<div class=\"elementor-shortcode\">\n<div class=\"wpcf7 no-js\" id=\"wpcf7-f5002-o1\" lang=\"en-US\" dir=\"ltr\">\n<div class=\"screen-reader-response\"><p role=\"status\" aria-live=\"polite\" aria-atomic=\"true\"><\/p> <ul><\/ul><\/div>\n<form action=\"\/es\/wp-json\/wp\/v2\/pages\/13812#wpcf7-f5002-o1\" method=\"post\" class=\"wpcf7-form init\" aria-label=\"Contact form\" enctype=\"multipart\/form-data\" novalidate=\"novalidate\" data-status=\"init\">\n<div style=\"display: none;\">\n<input type=\"hidden\" name=\"_wpcf7\" value=\"5002\" \/>\n<input type=\"hidden\" name=\"_wpcf7_version\" value=\"5.7.4\" \/>\n<input type=\"hidden\" name=\"_wpcf7_locale\" value=\"en_US\" \/>\n<input type=\"hidden\" name=\"_wpcf7_unit_tag\" value=\"wpcf7-f5002-o1\" \/>\n<input type=\"hidden\" name=\"_wpcf7_container_post\" value=\"0\" \/>\n<input type=\"hidden\" name=\"_wpcf7_posted_data_hash\" value=\"\" \/>\n<input type=\"hidden\" name=\"_wpcf7cf_hidden_group_fields\" value=\"[]\" \/>\n<input type=\"hidden\" name=\"_wpcf7cf_hidden_groups\" value=\"[]\" \/>\n<input type=\"hidden\" name=\"_wpcf7cf_visible_groups\" value=\"[]\" \/>\n<input type=\"hidden\" name=\"_wpcf7cf_repeaters\" value=\"[]\" \/>\n<input type=\"hidden\" name=\"_wpcf7cf_steps\" value=\"{}\" \/>\n<input type=\"hidden\" name=\"_wpcf7cf_options\" value=\"{&quot;form_id&quot;:5002,&quot;conditions&quot;:[],&quot;settings&quot;:{&quot;animation&quot;:&quot;yes&quot;,&quot;animation_intime&quot;:200,&quot;animation_outtime&quot;:200,&quot;conditions_ui&quot;:&quot;normal&quot;,&quot;notice_dismissed&quot;:false}}\" \/>\n<\/div>\n<div class=\"clearfix\">\n\t<div id=\"left\">\n\t\t<p><span><br \/>\n<label> First Name*<br \/>\n<span class=\"wpcf7-form-control-wrap\" data-name=\"your-firstname\"><input size=\"40\" class=\"wpcf7-form-control wpcf7-text wpcf7-validates-as-required\" aria-required=\"true\" aria-invalid=\"false\" value=\"\" type=\"text\" name=\"your-firstname\" \/><\/span> <\/label><br \/>\n<\/span>\n\t\t<\/p>\n\t<\/div>\n\t<div id=\"right\">\n\t\t<p><span><br \/>\n<label> Last Name*<br \/>\n<span class=\"wpcf7-form-control-wrap\" data-name=\"your-lastname\"><input size=\"40\" class=\"wpcf7-form-control wpcf7-text wpcf7-validates-as-required\" aria-required=\"true\" aria-invalid=\"false\" value=\"\" type=\"text\" name=\"your-lastname\" \/><\/span> <\/label><br \/>\n<\/span>\n\t\t<\/p>\n\t<\/div>\n<\/div>\n<p><label> Email*<br \/>\n<span class=\"wpcf7-form-control-wrap\" data-name=\"your-email\"><input size=\"40\" class=\"wpcf7-form-control wpcf7-text wpcf7-email wpcf7-validates-as-required wpcf7-validates-as-email\" aria-required=\"true\" aria-invalid=\"false\" value=\"\" type=\"email\" name=\"your-email\" \/><\/span> <\/label><br \/>\n<label> Phone*<br \/>\n<span class=\"wpcf7-form-control-wrap\" data-name=\"your-phone\"><input size=\"40\" class=\"wpcf7-form-control wpcf7-text wpcf7-tel wpcf7-validates-as-required wpcf7-validates-as-tel\" aria-required=\"true\" aria-invalid=\"false\" placeholder=\"(###)  ###  ####\" value=\"\" type=\"tel\" name=\"your-phone\" \/><\/span> <\/label><br \/>\n<label> Your Role*<br \/>\n<span class=\"wpcf7-form-control-wrap\" data-name=\"menu-role\"><select class=\"wpcf7-form-control wpcf7-select wpcf7-validates-as-required\" aria-required=\"true\" aria-invalid=\"false\" name=\"menu-role\"><option value=\"Buyer&#039;s Agent\">Buyer&#039;s Agent<\/option><option value=\"Seller&#039;s Agent\">Seller&#039;s Agent<\/option><option value=\"Mortgage Lender Representative\">Mortgage Lender Representative<\/option><option value=\"Homebuyer\">Homebuyer<\/option><option value=\"Refinancing Homeowner\">Refinancing Homeowner<\/option><\/select><\/span> <\/label><br \/>\n<label> Property Address 1*<br \/>\n<span class=\"wpcf7-form-control-wrap\" data-name=\"property-address-one\"><input size=\"40\" class=\"wpcf7-form-control wpcf7-text wpcf7-validates-as-required\" aria-required=\"true\" aria-invalid=\"false\" value=\"\" type=\"text\" name=\"property-address-one\" \/><\/span> <\/label><br \/>\n<label> Property Address 2<br \/>\n<span class=\"wpcf7-form-control-wrap\" data-name=\"property-address-two\"><input size=\"40\" class=\"wpcf7-form-control wpcf7-text\" aria-invalid=\"false\" value=\"\" type=\"text\" name=\"property-address-two\" \/><\/span> <\/label>\n<\/p>\n<div class=\"clearfix\">\n\t<div id=\"left\">\n\t\t<p><span><br \/>\n<label> City<br \/>\n<span class=\"wpcf7-form-control-wrap\" data-name=\"address-city\"><input size=\"40\" class=\"wpcf7-form-control wpcf7-text wpcf7-validates-as-required\" aria-required=\"true\" aria-invalid=\"false\" value=\"\" type=\"text\" name=\"address-city\" \/><\/span> <\/label><br \/>\n<\/span>\n\t\t<\/p>\n\t<\/div>\n\t<div id=\"right\">\n\t\t<p><span><br \/>\n<label> State \/ Province<br \/>\n<span class=\"wpcf7-form-control-wrap\" data-name=\"address-state\"><input size=\"40\" class=\"wpcf7-form-control wpcf7-text wpcf7-validates-as-required\" aria-required=\"true\" aria-invalid=\"false\" value=\"\" type=\"text\" name=\"address-state\" \/><\/span> <\/label><br \/>\n<\/span>\n\t\t<\/p>\n\t<\/div>\n<\/div>\n<div class=\"clearfix\">\n\t<div id=\"left\">\n\t\t<p><span><br \/>\n<label> Zip \/ Postal Code<br \/>\n<span class=\"wpcf7-form-control-wrap\" data-name=\"postal-code\"><input size=\"40\" class=\"wpcf7-form-control wpcf7-text wpcf7-validates-as-required\" aria-required=\"true\" aria-invalid=\"false\" value=\"\" type=\"text\" name=\"postal-code\" \/><\/span> <\/label><br \/>\n<\/span>\n\t\t<\/p>\n\t<\/div>\n\t<div id=\"right\">\n\t\t<p><span><br \/>\n<label> Country<br \/>\n<span class=\"wpcf7-form-control-wrap\" data-name=\"text-country\"><input size=\"40\" class=\"wpcf7-form-control wpcf7-text wpcf7-validates-as-required\" aria-required=\"true\" aria-invalid=\"false\" value=\"\" type=\"text\" name=\"text-country\" \/><\/span> <\/label><br \/>\n<\/span>\n\t\t<\/p>\n\t<\/div>\n<\/div>\n<p><label> Type of Transaction*<br \/>\n<span class=\"wpcf7-form-control-wrap\" data-name=\"transaction-type\"><select class=\"wpcf7-form-control wpcf7-select wpcf7-validates-as-required\" aria-required=\"true\" aria-invalid=\"false\" name=\"transaction-type\"><option value=\"Purchase\">Purchase<\/option><option value=\"Refinance\">Refinance<\/option><\/select><\/span> <\/label><br \/>\n<label> Upload Copy of Contract*<br \/>\n<span class=\"wpcf7-form-control-wrap\" data-name=\"file-contract\"><input size=\"40\" class=\"wpcf7-form-control wpcf7-file wpcf7-validates-as-required\" accept=\".doc,.docx,.pdf\" aria-required=\"true\" aria-invalid=\"false\" type=\"file\" name=\"file-contract\" \/><\/span> <\/label>\n<\/p>\n<div class=\"clearfix\">\n\t<div id=\"left\">\n\t\t<p><span><br \/>\n<label> EMD Due Date*<br \/>\n<span class=\"wpcf7-form-control-wrap\" data-name=\"emd-due-date\"><input class=\"wpcf7-form-control wpcf7-date wpcf7-validates-as-required wpcf7-validates-as-date\" min=\"2021-11-10\" aria-required=\"true\" aria-invalid=\"false\" value=\"\" type=\"date\" name=\"emd-due-date\" \/><\/span> <\/label><br \/>\n<\/span>\n\t\t<\/p>\n\t<\/div>\n\t<div id=\"right\">\n\t\t<p><span><br \/>\n<label> Appraisal Contingency Date*<br \/>\n<span class=\"wpcf7-form-control-wrap\" data-name=\"appraisal-contingency-date\"><input class=\"wpcf7-form-control wpcf7-date wpcf7-validates-as-required wpcf7-validates-as-date\" min=\"2021-11-10\" aria-required=\"true\" aria-invalid=\"false\" value=\"\" type=\"date\" name=\"appraisal-contingency-date\" \/><\/span> <\/label><br \/>\n<\/span>\n\t\t<\/p>\n\t<\/div>\n<\/div>\n<div class=\"clearfix\">\n\t<div id=\"left\">\n\t\t<p><span><br \/>\n<label> Financing Contingency Date*<br \/>\n<span class=\"wpcf7-form-control-wrap\" data-name=\"financing-contingency-date\"><input class=\"wpcf7-form-control wpcf7-date wpcf7-validates-as-required wpcf7-validates-as-date\" min=\"2021-11-10\" aria-required=\"true\" aria-invalid=\"false\" value=\"\" type=\"date\" name=\"financing-contingency-date\" \/><\/span> <\/label><br \/>\n<\/span>\n\t\t<\/p>\n\t<\/div>\n\t<div id=\"right\">\n\t\t<p><span><br \/>\n<label> Home Inspection Date*<br \/>\n<span class=\"wpcf7-form-control-wrap\" data-name=\"home-inspection-date\"><input class=\"wpcf7-form-control wpcf7-date wpcf7-validates-as-required wpcf7-validates-as-date\" min=\"2021-11-10\" aria-required=\"true\" aria-invalid=\"false\" value=\"\" type=\"date\" name=\"home-inspection-date\" \/><\/span> <\/label><br \/>\n<\/span>\n\t\t<\/p>\n\t<\/div>\n<\/div>\n<p><label> Closing Location and Time Preference*<br \/>\n<span class=\"wpcf7-form-control-wrap\" data-name=\"closing-location-date-time\"><input size=\"40\" class=\"wpcf7-form-control wpcf7-text wpcf7-validates-as-required walcf7-datetimepicker\" aria-required=\"true\" aria-invalid=\"false\" placeholder=\"Choose date and time\" value=\"\" type=\"text\" name=\"closing-location-date-time\" \/><\/span><\/label><br \/>\n<label> Additional Note<br \/>\n<span class=\"wpcf7-form-control-wrap\" data-name=\"textarea-notes\"><textarea cols=\"40\" rows=\"10\" class=\"wpcf7-form-control wpcf7-textarea\" aria-invalid=\"false\" name=\"textarea-notes\"><\/textarea><\/span> <\/label>\n<\/p>\n<p><input class=\"wpcf7-form-control has-spinner wpcf7-submit\" type=\"submit\" value=\"Submit\" \/>\n<\/p><div class=\"wpcf7-response-output\" aria-hidden=\"true\"><\/div>\n<\/form>\n<\/div>\n<\/div>\n\t\t\t\t<\/div>\n\t\t\t\t<\/div>\n\t\t\t\t\t<\/div>\n\t\t<\/div>\n\t\t\t\t\t\t\t<\/div>\n\t\t<\/section>\n\t\t\t\t\t\t\t<\/div>\n\t\t","protected":false},"excerpt":{"rendered":"<p>CLA TITLE PEDIDO DE T\u00cdTULO DEL LUGAR Cuando est\u00e9 listo para solicitar una b\u00fasqueda de t\u00edtulo, env\u00ede el contrato completamente ratificado a orders@clatitle.com. Para su comodidad, podemos cerrar el tr\u00e1mite entre las 8:00 a. m. y las 10:00 p. m. de lunes a viernes en una oficina cercana a la propiedad, podemos desplazarnos hasta usted, &hellip;<\/p>\n<p class=\"read-more\"> <a class=\"\" href=\"https:\/\/clatitle.com\/es\/place-title-order\/\"> <span class=\"screen-reader-text\">Place Title Order<\/span> Read More \u00bb<\/a><\/p>\n","protected":false},"author":1,"featured_media":0,"parent":0,"menu_order":0,"comment_status":"closed","ping_status":"closed","template":"","meta":{"_mi_skip_tracking":false,"site-sidebar-layout":"no-sidebar","site-content-layout":"page-builder","ast-global-header-display":"","ast-main-header-display":"","ast-hfb-above-header-display":"","ast-hfb-below-header-display":"","ast-hfb-mobile-header-display":"","site-post-title":"disabled","ast-breadcrumbs-content":"","ast-featured-img":"disabled","footer-sml-layout":"","theme-transparent-header-meta":"default","adv-header-id-meta":"","stick-header-meta":"","header-above-stick-meta":"","header-main-stick-meta":"","header-below-stick-meta":"","footnotes":""},"class_list":["post-13812","page","type-page","status-publish","hentry"],"yoast_head":"<!-- This site is optimized with the Yoast SEO plugin v20.1 - https:\/\/yoast.com\/wordpress\/plugins\/seo\/ -->\n<title>Place Title Order - CLA Title &amp; Escrow<\/title>\n<meta name=\"robots\" content=\"noindex, follow, max-snippet:-1, max-image-preview:large, max-video-preview:-1\" \/>\n<meta property=\"og:locale\" content=\"en_US\" \/>\n<meta property=\"og:type\" content=\"article\" \/>\n<meta property=\"og:title\" content=\"Place Title Order - CLA Title &amp; Escrow\" \/>\n<meta property=\"og:description\" content=\"CLA TITLE PEDIDO DE T\u00cdTULO DEL LUGAR Cuando est\u00e9 listo para solicitar una b\u00fasqueda de t\u00edtulo, env\u00ede el contrato completamente ratificado a orders@clatitle.com. Para su comodidad, podemos cerrar el tr\u00e1mite entre las 8:00 a. m. y las 10:00 p. m. de lunes a viernes en una oficina cercana a la propiedad, podemos desplazarnos hasta usted, &hellip; Place Title Order Read More \u00bb\" \/>\n<meta property=\"og:url\" content=\"https:\/\/clatitle.com\/es\/place-title-order\/\" \/>\n<meta property=\"og:site_name\" content=\"CLA Title &amp; Escrow\" \/>\n<meta property=\"article:modified_time\" content=\"2025-07-24T17:28:05+00:00\" \/>\n<meta name=\"twitter:card\" content=\"summary_large_image\" \/>\n<meta name=\"twitter:label1\" content=\"Est. reading time\" \/>\n\t<meta name=\"twitter:data1\" content=\"1 minute\" \/>\n<script type=\"application\/ld+json\" class=\"yoast-schema-graph\">{\"@context\":\"https:\/\/schema.org\",\"@graph\":[{\"@type\":\"WebPage\",\"@id\":\"https:\/\/clatitle.com\/es\/place-title-order\/\",\"url\":\"https:\/\/clatitle.com\/es\/place-title-order\/\",\"name\":\"Place Title Order - CLA Title &amp; Escrow\",\"isPartOf\":{\"@id\":\"https:\/\/clatitle.com\/es\/#website\"},\"datePublished\":\"2024-05-23T01:26:08+00:00\",\"dateModified\":\"2025-07-24T17:28:05+00:00\",\"breadcrumb\":{\"@id\":\"https:\/\/clatitle.com\/es\/place-title-order\/#breadcrumb\"},\"inLanguage\":\"en-US\",\"potentialAction\":[{\"@type\":\"ReadAction\",\"target\":[\"https:\/\/clatitle.com\/es\/place-title-order\/\"]}]},{\"@type\":\"BreadcrumbList\",\"@id\":\"https:\/\/clatitle.com\/es\/place-title-order\/#breadcrumb\",\"itemListElement\":[{\"@type\":\"ListItem\",\"position\":1,\"name\":\"Home\",\"item\":\"https:\/\/clatitle.com\/es\/\"},{\"@type\":\"ListItem\",\"position\":2,\"name\":\"Place Title Order\"}]},{\"@type\":\"WebSite\",\"@id\":\"https:\/\/clatitle.com\/es\/#website\",\"url\":\"https:\/\/clatitle.com\/es\/\",\"name\":\"CLA Title &amp; Escrow\",\"description\":\"Nationwide Title and Escrow Company\",\"publisher\":{\"@id\":\"https:\/\/clatitle.com\/es\/#organization\"},\"potentialAction\":[{\"@type\":\"SearchAction\",\"target\":{\"@type\":\"EntryPoint\",\"urlTemplate\":\"https:\/\/clatitle.com\/es\/?s={search_term_string}\"},\"query-input\":\"required name=search_term_string\"}],\"inLanguage\":\"en-US\"},{\"@type\":\"Organization\",\"@id\":\"https:\/\/clatitle.com\/es\/#organization\",\"name\":\"CLA Title &amp; Escrow\",\"url\":\"https:\/\/clatitle.com\/es\/\",\"logo\":{\"@type\":\"ImageObject\",\"inLanguage\":\"en-US\",\"@id\":\"https:\/\/clatitle.com\/es\/#\/schema\/logo\/image\/\",\"url\":\"https:\/\/i0.wp.com\/clatitle.com\/es\/wp-content\/uploads\/2025\/06\/cropped-clatitlelogo.png?fit=263%2C88&ssl=1\",\"contentUrl\":\"https:\/\/i0.wp.com\/clatitle.com\/es\/wp-content\/uploads\/2025\/06\/cropped-clatitlelogo.png?fit=263%2C88&ssl=1\",\"width\":263,\"height\":88,\"caption\":\"CLA Title &amp; Escrow\"},\"image\":{\"@id\":\"https:\/\/clatitle.com\/es\/#\/schema\/logo\/image\/\"}}]}<\/script>\n<!-- \/ Yoast SEO plugin. -->","yoast_head_json":{"title":"Place Title Order - CLA Title &amp; Escrow","robots":{"index":"noindex","follow":"follow","max-snippet":"max-snippet:-1","max-image-preview":"max-image-preview:large","max-video-preview":"max-video-preview:-1"},"og_locale":"en_US","og_type":"article","og_title":"Place Title Order - CLA Title &amp; Escrow","og_description":"CLA TITLE PEDIDO DE T\u00cdTULO DEL LUGAR Cuando est\u00e9 listo para solicitar una b\u00fasqueda de t\u00edtulo, env\u00ede el contrato completamente ratificado a orders@clatitle.com. Para su comodidad, podemos cerrar el tr\u00e1mite entre las 8:00 a. m. y las 10:00 p. m. de lunes a viernes en una oficina cercana a la propiedad, podemos desplazarnos hasta usted, &hellip; Place Title Order Read More \u00bb","og_url":"https:\/\/clatitle.com\/es\/place-title-order\/","og_site_name":"CLA Title &amp; Escrow","article_modified_time":"2025-07-24T17:28:05+00:00","twitter_card":"summary_large_image","twitter_misc":{"Est. reading time":"1 minute"},"schema":{"@context":"https:\/\/schema.org","@graph":[{"@type":"WebPage","@id":"https:\/\/clatitle.com\/es\/place-title-order\/","url":"https:\/\/clatitle.com\/es\/place-title-order\/","name":"Place Title Order - CLA Title &amp; Escrow","isPartOf":{"@id":"https:\/\/clatitle.com\/es\/#website"},"datePublished":"2024-05-23T01:26:08+00:00","dateModified":"2025-07-24T17:28:05+00:00","breadcrumb":{"@id":"https:\/\/clatitle.com\/es\/place-title-order\/#breadcrumb"},"inLanguage":"en-US","potentialAction":[{"@type":"ReadAction","target":["https:\/\/clatitle.com\/es\/place-title-order\/"]}]},{"@type":"BreadcrumbList","@id":"https:\/\/clatitle.com\/es\/place-title-order\/#breadcrumb","itemListElement":[{"@type":"ListItem","position":1,"name":"Home","item":"https:\/\/clatitle.com\/es\/"},{"@type":"ListItem","position":2,"name":"Place Title Order"}]},{"@type":"WebSite","@id":"https:\/\/clatitle.com\/es\/#website","url":"https:\/\/clatitle.com\/es\/","name":"CLA Title &amp; Escrow","description":"Nationwide Title and Escrow Company","publisher":{"@id":"https:\/\/clatitle.com\/es\/#organization"},"potentialAction":[{"@type":"SearchAction","target":{"@type":"EntryPoint","urlTemplate":"https:\/\/clatitle.com\/es\/?s={search_term_string}"},"query-input":"required name=search_term_string"}],"inLanguage":"en-US"},{"@type":"Organization","@id":"https:\/\/clatitle.com\/es\/#organization","name":"CLA Title &amp; Escrow","url":"https:\/\/clatitle.com\/es\/","logo":{"@type":"ImageObject","inLanguage":"en-US","@id":"https:\/\/clatitle.com\/es\/#\/schema\/logo\/image\/","url":"https:\/\/i0.wp.com\/clatitle.com\/es\/wp-content\/uploads\/2025\/06\/cropped-clatitlelogo.png?fit=263%2C88&ssl=1","contentUrl":"https:\/\/i0.wp.com\/clatitle.com\/es\/wp-content\/uploads\/2025\/06\/cropped-clatitlelogo.png?fit=263%2C88&ssl=1","width":263,"height":88,"caption":"CLA Title &amp; Escrow"},"image":{"@id":"https:\/\/clatitle.com\/es\/#\/schema\/logo\/image\/"}}]}},"_links":{"self":[{"href":"https:\/\/clatitle.com\/es\/wp-json\/wp\/v2\/pages\/13812","targetHints":{"allow":["GET"]}}],"collection":[{"href":"https:\/\/clatitle.com\/es\/wp-json\/wp\/v2\/pages"}],"about":[{"href":"https:\/\/clatitle.com\/es\/wp-json\/wp\/v2\/types\/page"}],"author":[{"embeddable":true,"href":"https:\/\/clatitle.com\/es\/wp-json\/wp\/v2\/users\/1"}],"replies":[{"embeddable":true,"href":"https:\/\/clatitle.com\/es\/wp-json\/wp\/v2\/comments?post=13812"}],"version-history":[{"count":17,"href":"https:\/\/clatitle.com\/es\/wp-json\/wp\/v2\/pages\/13812\/revisions"}],"predecessor-version":[{"id":15141,"href":"https:\/\/clatitle.com\/es\/wp-json\/wp\/v2\/pages\/13812\/revisions\/15141"}],"wp:attachment":[{"href":"https:\/\/clatitle.com\/es\/wp-json\/wp\/v2\/media?parent=13812"}],"curies":[{"name":"wp","href":"https:\/\/api.w.org\/{rel}","templated":true}]}}